{"id":510,"date":"2018-03-09T05:46:26","date_gmt":"2018-03-09T04:46:26","guid":{"rendered":"https:\/\/drogenbos-groen.ecolo.be\/?page_id=510"},"modified":"2018-05-18T16:06:17","modified_gmt":"2018-05-18T14:06:17","slug":"in-de-media","status":"publish","type":"page","link":"https:\/\/drogenbos-groen.ecolo.be\/nl\/in-de-media\/","title":{"rendered":"In de media"},"content":{"rendered":"<p>[et_pb_section bb_built=&#8221;1&#8243;][et_pb_row][et_pb_column type=&#8221;2_3&#8243;][et_pb_text _builder_version=&#8221;3.0.105&#8243; \/][et_pb_toggle _builder_version=&#8221;3.0.105&#8243; title=&#8221;Communales : I&#8217;Union des Francophones se fissure a Drogenbos pour une liste l00o\/o \u00e9cologiste&#8221; open=&#8221;off&#8221;]<\/p>\n<p><a href=\"https:\/\/drogenbos-groen.ecolo.me\/wp-content\/uploads\/sites\/271\/2018\/03\/BX1-Liste-ecologiste_20180311_0001.pdf\">BX1 Liste ecologiste_20180311_0001<\/a><\/p>\n<p>[\/et_pb_toggle][et_pb_toggle _builder_version=&#8221;3.0.105&#8243; title=&#8221;Communales: une liste 100% \u00e9cologiste \u00e0 Drogenbos&#8221; open=&#8221;off&#8221;]<\/p>\n<h1 class=\"\"><a href=\"https:\/\/drogenbos-groen.ecolo.me\/wp-content\/uploads\/sites\/271\/2018\/03\/B140f.pdf\">&#8220;Communales: une liste 100% \u00e9cologiste \u00e0 Drogenbos&#8221; et &#8220;Une Strat\u00e9gie politique entam\u00e9e en 2003&#8221;<\/a><\/h1>\n<h1><\/h1>\n<h1 class=\"\"><\/h1>\n<p>[\/et_pb_toggle][et_pb_toggle _builder_version=&#8221;3.0.105&#8243; title=&#8221;A Drogenbos, Ecolo pr\u00e9f\u00e8re Groen \u00e0 l&#8217;Union des Francophones pour les communales &#8221; open=&#8221;off&#8221;]<\/p>\n<h1 class=\"rtbf-article-main__title col-xs-12 col-md-8 www-col-full-width\">A Drogenbos, Ecolo pr\u00e9f\u00e8re Groen \u00e0 l&#8217;Union des Francophones pour les communales<\/h1>\n<header class=\"col-xs-12 clearfix rtbf-article-main__header-main\"><\/header>\n<div>\n<div><\/div>\n<\/div>\n<figure class=\"col-xs-12 col-md-8 rtbf-article-main__cover rs_skip rs_preserve\">\n<div class=\"rtbf-article-main__img-cover\">\n<div class=\"rtbf-article-main__img-cover\">\n<div class=\"www-img-16by9 rs_skip\"><img decoding=\"async\" class=\"img-responsive www-img-full \" title=\"Richard Bael (Ecolo) et Paul Smets (Groen), t\u00eates de liste \u00e0 Drogenbos\" src=\"https:\/\/ds1.static.rtbf.be\/article\/image\/370x208\/5\/d\/a\/c203d8a151612acf12457e4d67635a95-1520518998.jpg\" alt=\"Richard Bael (Ecolo) et Paul Smets (Groen), t\u00eates de liste \u00e0 Drogenbos\" \/><\/div>\n<\/div>\n<\/div><figcaption class=\"www-media-caption\"><span class=\"www-media-caption__text\">Richard Bael (Ecolo) et Paul Smets (Groen), t\u00eates de liste \u00e0 Drogenbos &#8211; \u00a9 droits r\u00e9serv\u00e9s<\/span><\/figcaption><\/figure>\n<aside class=\"col-md-4 www-sidebar--imu-align-article pull-right visible-md-block visible-lg-block www-sidebar js-sidebar-top rs_skip rs_preserve\" role=\"complementary\">\n<div class=\"js-sidebar-widgets js-sidebar-widgets-top clearfix\">\n<div class=\"js-widget js-widget-8037 clearfix\"><\/div>\n<\/div>\n<\/aside>\n<div class=\"col-xs-12 col-md-8 pull-left rtbf-article-main__header-sub\">\n<div class=\"rtbf-article-main__author\">\n<p><cite> Philippe Carlot<\/cite><\/p>\n<div class=\"\"><i class=\"ico ico-clock-o\"><\/i> Publi\u00e9 le jeudi 08 mars 2018 \u00e0 15h24<\/div>\n<\/div>\n<div class=\"rtbf-article-main__social article-social rs_skip rs_preserve\"><\/div>\n<\/div>\n<div class=\"col-xs-12 col-md-8 pull-left rtbf-article-main__content js-article-paragraph-list\">\n<div class=\"rtbf-paragraph\">\n<p>En 2012, Ecolo avait pr\u00e9sent\u00e9 des candidats sur la liste de cartel UF (pour Union des Francophones) dans la petite commune \u00e0 facilit\u00e9s de Drogenbos, en p\u00e9riph\u00e9rie bruxelloise. Avec 6 \u00e9lus sur 17, UF avait d\u00e9croch\u00e9 un poste d&#8217;\u00e9chevin en vertu du &#8220;m\u00e9canisme de pacification&#8221; en vigueur dans les communes \u00e0 facilit\u00e9s, qui permet \u00e0 l&#8217;opposition d&#8217;\u00eatre repr\u00e9sent\u00e9e au coll\u00e8ge \u00e0 partir d&#8217;un certain seuil. En 2018, les Ecologistes ont fait un autre choix. Fini l&#8217;Union des Francophones, Ecolo fera liste commune avec son parti fr\u00e8re de Groen, les Ecologistes flamands, comme l&#8217;explique Arnaud Pinxteren, secr\u00e9taire r\u00e9gional: <em>&#8220;c&#8217;est un choix conscient que nous faisons de privil\u00e9gier le projet \u00e9cologiste plut\u00f4t que la bisbille communautaire partout o\u00f9 c&#8217;est possible. Dans d&#8217;autres communes \u00e0 facilit\u00e9s on le fera aussi.&#8221;<\/em><\/p>\n<div class=\"rtbf-newsletter-article js-newsletter-article rs_skip rs_preserve\"><\/div>\n<\/div>\n<\/div>\n<div class=\"rtbf-newsletter-article js-newsletter-article rs_skip rs_preserve\">\n<div class=\"rtbf-newsletter-article__inner\"><\/div>\n<\/div>\n<p><strong>A Ecolo la commune, \u00e0 Groen le CPAS<\/strong><\/p>\n<p>Les Verts de Drogenbos se sont r\u00e9partis la t\u00eate de liste entre la commune et le CPAS. Richard Bael (Ecolo) tirera la liste pour le conseil communal, tandis que Paul Smets (Groen) emm\u00e8nera les candidats au CPAS, puisque dans les communes \u00e0 facilit\u00e9s, les conseillers de l&#8217;action sociale sont \u00e9lus directement, contrairement aux communes bruxelloises. Reste \u00e0 voir si cette strat\u00e9gie se r\u00e9v\u00e9lera payante, au risque d&#8217;alimenter les critiques de division du camp francophone, de la part essentiellement de D\u00e9FI, dont la d\u00e9fense des francophones de la p\u00e9riph\u00e9rie fait partie des fondamentaux.<\/p>\n<p>[\/et_pb_toggle][\/et_pb_column][et_pb_column type=&#8221;1_3&#8243;][et_pb_image _builder_version=&#8221;3.0.105&#8243; src=&#8221;https:\/\/drogenbos-groen.ecolo.me\/wp-content\/uploads\/sites\/271\/2018\/02\/logo-eg-drogenbos.png&#8221; show_in_lightbox=&#8221;off&#8221; url_new_window=&#8221;off&#8221; use_overlay=&#8221;off&#8221; always_center_on_mobile=&#8221;on&#8221; force_fullwidth=&#8221;off&#8221; show_bottom_space=&#8221;on&#8221; \/][\/et_pb_column][\/et_pb_row][\/et_pb_section]<\/p>","protected":false},"excerpt":{"rendered":"<p><div class=\"et_pb_row et_pb_row_0 et_pb_row_empty\">\n\t\t\t\t\n\t\t\t\t\n\t\t\t\t\n\t\t\t\t\n\t\t\t\t\n\t\t\t<\/div> BX1 Liste ecologiste_20180311_0001 &#8220;Communales: une liste 100% \u00e9cologiste \u00e0 Drogenbos&#8221; et &#8220;Une Strat\u00e9gie politique entam\u00e9e en 2003&#8221; A Drogenbos, Ecolo pr\u00e9f\u00e8re Groen \u00e0 l&#8217;Union des Francophones pour les communales Richard Bael (Ecolo) et Paul Smets (Groen), t\u00eates de liste \u00e0 Drogenbos &#8211; \u00a9 droits r\u00e9serv\u00e9s Philippe Carlot Publi\u00e9 le jeudi 08 mars 2018 \u00e0 [&hellip;]<\/p>\n","protected":false},"author":573,"featured_media":0,"parent":0,"menu_order":0,"comment_status":"closed","ping_status":"closed","template":"","meta":{"_acf_changed":false,"_et_pb_use_builder":"on","_et_pb_old_content":"","_et_gb_content_width":"","footnotes":""},"class_list":["post-510","page","type-page","status-publish","hentry"],"acf":[],"_links":{"self":[{"href":"https:\/\/drogenbos-groen.ecolo.be\/nl\/wp-json\/wp\/v2\/pages\/510","targetHints":{"allow":["GET"]}}],"collection":[{"href":"https:\/\/drogenbos-groen.ecolo.be\/nl\/wp-json\/wp\/v2\/pages"}],"about":[{"href":"https:\/\/drogenbos-groen.ecolo.be\/nl\/wp-json\/wp\/v2\/types\/page"}],"author":[{"embeddable":true,"href":"https:\/\/drogenbos-groen.ecolo.be\/nl\/wp-json\/wp\/v2\/users\/573"}],"replies":[{"embeddable":true,"href":"https:\/\/drogenbos-groen.ecolo.be\/nl\/wp-json\/wp\/v2\/comments?post=510"}],"version-history":[{"count":14,"href":"https:\/\/drogenbos-groen.ecolo.be\/nl\/wp-json\/wp\/v2\/pages\/510\/revisions"}],"predecessor-version":[{"id":588,"href":"https:\/\/drogenbos-groen.ecolo.be\/nl\/wp-json\/wp\/v2\/pages\/510\/revisions\/588"}],"wp:attachment":[{"href":"https:\/\/drogenbos-groen.ecolo.be\/nl\/wp-json\/wp\/v2\/media?parent=510"}],"curies":[{"name":"wp","href":"https:\/\/api.w.org\/{rel}","templated":true}]}}